{"id":50,"date":"2018-04-19T22:06:55","date_gmt":"2018-04-19T22:06:55","guid":{"rendered":"http:\/\/heyn-stb.de\/?page_id=50"},"modified":"2018-04-27T08:34:53","modified_gmt":"2018-04-27T08:34:53","slug":"impressum","status":"publish","type":"page","link":"http:\/\/heyn-stb.de\/?page_id=50","title":{"rendered":"Impressum"},"content":{"rendered":"<p>Angaben gem. \u00a7 5 Abs. 1 TMG<br \/>\nSteuerb\u00fcro Michael Heyn<br \/>\nWanner Stra\u00dfe 181<br \/>\n45888 Gelsenkirchen<br \/>\nTel.: 0209 \/ 27 28 50<br \/>\nFax: 0209 \/ 148 70 15<br \/>\nUSt-Id. Nr.: DE125039840<\/p>\n<p>Berufsrechtliche Angaben<br \/>\nDie nachstehend aufgef\u00fchrten Berufskammern sind Aufsichtsbeh\u00f6rden, dort besteht gesetzliche Pflichtmitgliedschaft.<br \/>\nMitglied der Steuerberaterkammer Westfalen\u2013Lippe <a href=\"https:\/\/www.steuerberaterkammer-westfalen-lippe.de\/\">(StBK Westfalen-Lippe), <\/a>K\u00f6rperschaft des \u00f6ffentlichen Rechts (Kd\u00f6R).<br \/>\nDie StBK Westfalen-Lippe, Kd\u00f6R, mit Sitz in M\u00fcnster ist Mitglied der <a href=\"https:\/\/www.bstbk.de\/de\/index.html\">Bundessteuerberaterkammer (BStBK), <\/a>K\u00f6dR, mit Sitz in Berlin.<br \/>\na) Gesetzliche Berufsbezeichnung: Steuerberater<br \/>\nDie gesetzliche Berufsbezeichnung Steuerberater wurde nach erfolgreich bestandenem staatlichen Berufsexamen als Steuerberater in der Bundesrepublik Deutschland (Bundesland: Nordrhein-Westfalen) durch das Finanzministerium des Landes Nordrhein-Westfalen verliehen (Bestellung zum Steuerberater gem\u00e4\u00df \u00a7 40 Steuerberatungsgesetz [StBerG]).<br \/>\nb) Angabe der berufsrechtlichen Regelungen und Zugang<br \/>\nDer Berufsstand der Steuerberater unterliegt im Wesentlichen den nachstehenden berufsrechtlichen Regelungen<br \/>\n&#8211; Steuerberatungsgesetz (StBerG),<br \/>\n&#8211; Durchf\u00fchrungsverordnung zum Steuerberatergesetz (DVStBerG),<br \/>\n&#8211; Berufsordnung (BOStB),<br \/>\n&#8211; Steuerberatergeb\u00fchrenverordnung (StBVV).<br \/>\nDie berufsrechtlichen Regelungen k\u00f6nnen auch bei der <a href=\"https:\/\/www.bstbk.de\/de\/index.html\">Bundessteuerberaterkammer (BStBK), <\/a>Berlin, oder der Steuerberaterkammer Westfalen-Lippe, D-48145 M\u00fcnster, Erphostra\u00dfe 33 eingesehen werden.<\/p>\n<p>Externe Links<br \/>\nDie Webseite www.heyn-stb.de enth\u00e4lt Verkn\u00fcpfungen zu Webseiten Dritter (&#8222;externe Links&#8220;). Diese Webseiten unterliegen der Haftung der jeweiligen Betreiber. Wir als Betreiber der Webseite www.heyn-stb.de haben bei der erstmaligen Verkn\u00fcpfung der externen Links die fremden Inhalte daraufhin \u00fcberpr\u00fcft, ob etwaige Rechtsverst\u00f6\u00dfe bestehen. Zu dem Zeitpunkt waren keine Rechtsverst\u00f6\u00dfe ersichtlich. Wir haben keinerlei Einfluss auf die aktuelle und zuk\u00fcnftige Gestaltung und auf die Inhalte der verkn\u00fcpften Seiten. Das Setzen von externen Links bedeutet nicht, dass wir uns die hinter dem Verweis oder Link liegenden Inhalte zu Eigen machen. Eine st\u00e4ndige Kontrolle dieser externen Links ist f\u00fcr uns ohne konkrete Hinweise auf Rechtsverst\u00f6\u00dfe nicht zumutbar. Bei Kenntnis von Rechtsverst\u00f6\u00dfen werden wir jedoch derartige externe Links unverz\u00fcglich l\u00f6schen.<\/p>\n","protected":false},"excerpt":{"rendered":"<p>Angaben gem. \u00a7 5 Abs. 1 TMG Steuerb\u00fcro Michael Heyn Wanner Stra\u00dfe 181 45888 Gelsenkirchen Tel.: 0209 \/ 27 28 50 Fax: 0209 \/ 148 70 15 USt-Id. Nr.: DE125039840 Berufsrechtliche Angaben Die nachstehend aufgef\u00fchrten Berufskammern sind Aufsichtsbeh\u00f6rden, dort besteht gesetzliche Pflichtmitgliedschaft. Mitglied der Steuerberaterkammer Westfalen\u2013Lippe (StBK Westfalen-Lippe), K\u00f6rperschaft des \u00f6ffentlichen Rechts (Kd\u00f6R). Die StBK [&hellip;]<\/p>\n","protected":false},"author":2,"featured_media":0,"parent":0,"menu_order":0,"comment_status":"closed","ping_status":"closed","template":"","meta":[],"_links":{"self":[{"href":"http:\/\/heyn-stb.de\/index.php?rest_route=\/wp\/v2\/pages\/50"}],"collection":[{"href":"http:\/\/heyn-stb.de\/index.php?rest_route=\/wp\/v2\/pages"}],"about":[{"href":"http:\/\/heyn-stb.de\/index.php?rest_route=\/wp\/v2\/types\/page"}],"author":[{"embeddable":true,"href":"http:\/\/heyn-stb.de\/index.php?rest_route=\/wp\/v2\/users\/2"}],"replies":[{"embeddable":true,"href":"http:\/\/heyn-stb.de\/index.php?rest_route=%2Fwp%2Fv2%2Fcomments&post=50"}],"version-history":[{"count":6,"href":"http:\/\/heyn-stb.de\/index.php?rest_route=\/wp\/v2\/pages\/50\/revisions"}],"predecessor-version":[{"id":141,"href":"http:\/\/heyn-stb.de\/index.php?rest_route=\/wp\/v2\/pages\/50\/revisions\/141"}],"wp:attachment":[{"href":"http:\/\/heyn-stb.de\/index.php?rest_route=%2Fwp%2Fv2%2Fmedia&parent=50"}],"curies":[{"name":"wp","href":"https:\/\/api.w.org\/{rel}","templated":true}]}}