{"id":22,"date":"2018-04-19T16:50:53","date_gmt":"2018-04-19T16:50:53","guid":{"rendered":"http:\/\/heyn-stb.de\/?page_id=22"},"modified":"2018-08-06T06:23:37","modified_gmt":"2018-08-06T06:23:37","slug":"ansprechpartner","status":"publish","type":"page","link":"http:\/\/heyn-stb.de\/?page_id=22","title":{"rendered":"Ansprechpartner"},"content":{"rendered":"<p>Gr\u00fcnder und Inhaber der Kanzlei:<\/p>\n<p>Michael Heyn<\/p>\n<p>Nach erfolgter Ausbildung und Ableistung der erforderlichen Berufszeit wurde die Kanzlei im Jahr 1992 gegr\u00fcndet. Zur Zeit sind 9 Fachkr\u00e4fte in der Kanzlei t\u00e4tig.<\/p>\n<p>Kanzleiprofil:<br \/>\nMandanten dieser Kanzlei sind mittelst\u00e4ndische Unternehmen verschiedener Branchen und Rechtsformen, freiberuflich t\u00e4tige Personen sowie Vereine, die darauf Wert legen verl\u00e4ssliche Hilfeleistung in steuer- und wirtschaftsberatender Hinsicht in kompetenter Weise aus einer Hand zu erhalten. Ebenso werden Privatpersonen hinsichtlich ihrer steuerlichen Interessen umfassend betreut.<\/p>\n<p>T\u00e4tigkeitsbereich der Kanzlei ist neben der steuerlichen und betriebswirtschaftlichen Beratung, die Erstellung von Jahresabschl\u00fcssen nach Handels- und Steuerrecht sowie die Existenzgr\u00fcndungsberatung.<br \/>\nUm den st\u00e4ndigen Anforderungen gerecht zu werden, ist neben der personellen Weiterbildung auch die Investition in aktuelle Hard- und Software selbstverst\u00e4ndlich.    <\/p>\n","protected":false},"excerpt":{"rendered":"<p>Gr\u00fcnder und Inhaber der Kanzlei: Michael Heyn Nach erfolgter Ausbildung und Ableistung der erforderlichen Berufszeit wurde die Kanzlei im Jahr 1992 gegr\u00fcndet. Zur Zeit sind 9 Fachkr\u00e4fte in der Kanzlei t\u00e4tig. Kanzleiprofil: Mandanten dieser Kanzlei sind mittelst\u00e4ndische Unternehmen verschiedener Branchen und Rechtsformen, freiberuflich t\u00e4tige Personen sowie Vereine, die darauf Wert legen verl\u00e4ssliche Hilfeleistung in steuer- [&hellip;]<\/p>\n","protected":false},"author":3,"featured_media":0,"parent":0,"menu_order":0,"comment_status":"closed","ping_status":"closed","template":"","meta":[],"_links":{"self":[{"href":"http:\/\/heyn-stb.de\/index.php?rest_route=\/wp\/v2\/pages\/22"}],"collection":[{"href":"http:\/\/heyn-stb.de\/index.php?rest_route=\/wp\/v2\/pages"}],"about":[{"href":"http:\/\/heyn-stb.de\/index.php?rest_route=\/wp\/v2\/types\/page"}],"author":[{"embeddable":true,"href":"http:\/\/heyn-stb.de\/index.php?rest_route=\/wp\/v2\/users\/3"}],"replies":[{"embeddable":true,"href":"http:\/\/heyn-stb.de\/index.php?rest_route=%2Fwp%2Fv2%2Fcomments&post=22"}],"version-history":[{"count":5,"href":"http:\/\/heyn-stb.de\/index.php?rest_route=\/wp\/v2\/pages\/22\/revisions"}],"predecessor-version":[{"id":146,"href":"http:\/\/heyn-stb.de\/index.php?rest_route=\/wp\/v2\/pages\/22\/revisions\/146"}],"wp:attachment":[{"href":"http:\/\/heyn-stb.de\/index.php?rest_route=%2Fwp%2Fv2%2Fmedia&parent=22"}],"curies":[{"name":"wp","href":"https:\/\/api.w.org\/{rel}","templated":true}]}}