{"id":2,"date":"2016-05-10T03:48:21","date_gmt":"2016-05-10T03:48:21","guid":{"rendered":"http:\/\/heyn-stb.de\/?page_id=2"},"modified":"2018-08-06T06:34:36","modified_gmt":"2018-08-06T06:34:36","slug":"sample-page","status":"publish","type":"page","link":"http:\/\/heyn-stb.de\/?page_id=2","title":{"rendered":"Leistungen"},"content":{"rendered":"<p>Buchf\u00fchrung:<\/p>\n<p>F\u00fcr die Erstellung und Bearbeitung der Mandantenbuchf\u00fchrung stehen die Systeme DATEV und Agenda mit eigenem EDV-Netzwerk in der Kanzlei zur Verf\u00fcgung.<br \/>\nIm Einzelnen bieten wir:<\/p>\n<p>\u2022 Finanzbuchf\u00fchrung nach kontierten und nicht kontierten Belegen<\/p>\n<p>\u2022 F\u00fchrung von Aufzeichnungen f\u00fcr Freiberufler und nicht buchf\u00fchrungspflichtige Gewerbetreibende<\/p>\n<p>\u2022 Anlagenbuchf\u00fchrung<\/p>\n<p>\u2022 Gehalts- und Lohnabrechnungen aller Art und Branchen<\/p>\n<p>Jahresabschl\u00fcsse:<\/p>\n<p>Es werden Jahresabschl\u00fcsse f\u00fcr alle Unternehmensformen und Buchf\u00fchrungssysteme angefertigt.<br \/>\nIm Einzelnen bieten wir:<\/p>\n<p>\u2022 Bilanz mit Gewinn- und Verlustrechnung nach Handels- und Steuerrecht<\/p>\n<p>\u2022 Bilanzberichte<\/p>\n<p>\u2022 Einnahmen\u00fcberschussrechnungen f\u00fcr Freiberufler und nicht buchf\u00fchrungspflichtige Gewerbetreibende<\/p>\n<p>Steuerliche Beratung:<\/p>\n<p>In steuerlicher Hinsicht wird eine ganzheitliche Abwicklung von Steuerf\u00e4llen sowohl f\u00fcr Privatpersonen, als auch f\u00fcr Unternehmen angeboten.<br \/>\nIm Einzelnen bieten wir:<\/p>\n<p>\u2022 Anfertigung s\u00e4mtlicher privater und betrieblicher Steuererkl\u00e4rungen<\/p>\n<p>\u2022 Antr\u00e4ge f\u00fcr Zulagen und Zusch\u00fcsse<\/p>\n<p>\u2022 Unterst\u00fctzung bei Betriebspr\u00fcfungen aller Art<\/p>\n<p>\u2022 Mitwirkung bei au\u00dfergerichtlichen Rechtsbehelfsverfahren<\/p>\n<p>\u2022 Vertretung vor Finanzgerichten sowie dem Bundesfinanzhof<\/p>\n<p>\u2022 Beratung f\u00fcr Nachfolgeregelungen aus steuerlicher Sicht<\/p>\n<p>\u2022 Steuerbelastungsvergleiche<\/p>\n<p>\u2022 Investitionspl\u00e4ne und ihre steuerlichen Auswirkungen<\/p>\n<p>\u2022 Unternehmensumwandlung<\/p>\n<p>\u2022 Unternehmensgr\u00fcndung<\/p>\n<p>Unternehmensberatung:<\/p>\n<p>Als kompetenter Ansprechpartner geben wir Ihnen einen \u00dcberblick \u00fcber Ihre Unternehmenssituation und dessen Rentabilit\u00e4t.<br \/>\nIm Einzelnen bieten wir:<\/p>\n<p>\u2022 Jahresabschlussanalyse<\/p>\n<p>\u2022 Liquidit\u00e4tsplanung<\/p>\n<p>\u2022 Kalkulation und Kostenrechnung<\/p>\n<p>\u2022 Ermittlung von individuellen Kennzahlen<\/p>\n<p>\u2022 Finanz- und Ergebnisplanung<\/p>\n<p>\u2022 Unternehmensbewertung<\/p>\n<p>Existenzgr\u00fcndung:<\/p>\n<p>Wir begleiten Sie von der Gr\u00fcndungsidee bis zur tats\u00e4chlichen Unternehmensgr\u00fcndung.<br \/>\nIm Einzelnen bieten wir:<\/p>\n<p>\u2022 Erstellung von Rentabilit\u00e4tspl\u00e4nen<\/p>\n<p>\u2022 Unterst\u00fctzung von beh\u00f6rdlichen Antr\u00e4gen<\/p>\n<p>\u2022 Finanzierungsberatung in Zusammenarbeit mit der jeweiligen Hausbank<\/p>\n<p>\u2022 Liquidit\u00e4tsplanung<\/p>\n<p>\u2022 Investitionsplanung<\/p>\n<p>\u2022 Beratung hinsichtlich der optimalen Unternehmensform<\/p>\n","protected":false},"excerpt":{"rendered":"<p>Buchf\u00fchrung: F\u00fcr die Erstellung und Bearbeitung der Mandantenbuchf\u00fchrung stehen die Systeme DATEV und Agenda mit eigenem EDV-Netzwerk in der Kanzlei zur Verf\u00fcgung. Im Einzelnen bieten wir: \u2022 Finanzbuchf\u00fchrung nach kontierten und nicht kontierten Belegen \u2022 F\u00fchrung von Aufzeichnungen f\u00fcr Freiberufler und nicht buchf\u00fchrungspflichtige Gewerbetreibende \u2022 Anlagenbuchf\u00fchrung \u2022 Gehalts- und Lohnabrechnungen aller Art und Branchen Jahresabschl\u00fcsse: [&hellip;]<\/p>\n","protected":false},"author":3,"featured_media":0,"parent":0,"menu_order":0,"comment_status":"closed","ping_status":"open","template":"","meta":[],"_links":{"self":[{"href":"http:\/\/heyn-stb.de\/index.php?rest_route=\/wp\/v2\/pages\/2"}],"collection":[{"href":"http:\/\/heyn-stb.de\/index.php?rest_route=\/wp\/v2\/pages"}],"about":[{"href":"http:\/\/heyn-stb.de\/index.php?rest_route=\/wp\/v2\/types\/page"}],"author":[{"embeddable":true,"href":"http:\/\/heyn-stb.de\/index.php?rest_route=\/wp\/v2\/users\/3"}],"replies":[{"embeddable":true,"href":"http:\/\/heyn-stb.de\/index.php?rest_route=%2Fwp%2Fv2%2Fcomments&post=2"}],"version-history":[{"count":6,"href":"http:\/\/heyn-stb.de\/index.php?rest_route=\/wp\/v2\/pages\/2\/revisions"}],"predecessor-version":[{"id":149,"href":"http:\/\/heyn-stb.de\/index.php?rest_route=\/wp\/v2\/pages\/2\/revisions\/149"}],"wp:attachment":[{"href":"http:\/\/heyn-stb.de\/index.php?rest_route=%2Fwp%2Fv2%2Fmedia&parent=2"}],"curies":[{"name":"wp","href":"https:\/\/api.w.org\/{rel}","templated":true}]}}